{"id":433,"date":"2024-03-31T11:44:14","date_gmt":"2024-03-31T11:44:14","guid":{"rendered":"https:\/\/popsoft.fr\/?page_id=433"},"modified":"2024-04-04T20:03:18","modified_gmt":"2024-04-04T20:03:18","slug":"mentionlegales","status":"publish","type":"page","link":"https:\/\/popsoft.fr\/index.php\/mentionlegales\/","title":{"rendered":"Mentions l\u00e9gales"},"content":{"rendered":"<div class=\"fusion-fullwidth fullwidth-box fusion-builder-row-1 fusion-flex-container video-background has-pattern-background has-mask-background nonhundred-percent-fullwidth non-hundred-percent-height-scrolling\" style=\"--awb-border-radius-top-left:0px;--awb-border-radius-top-right:0px;--awb-border-radius-bottom-right:0px;--awb-border-radius-bottom-left:0px;--awb-min-height:100vh;--awb-flex-wrap:wrap;\" id=\"home\" ><div class=\"fullwidth-video\"><video preload=\"auto\" autoplay playsinline loop muted><source src=\"https:\/\/popsoft.fr\/wp-content\/uploads\/2024\/03\/4200266-hd_1920_1080_25fps.mp4\" type=\"video\/mp4\"><\/video><\/div><div class=\"fusion-builder-row fusion-row fusion-flex-align-items-center fusion-flex-content-wrap\" style=\"max-width:104%;margin-left: calc(-4% \/ 2 );margin-right: calc(-4% \/ 2 );\"><div class=\"fusion-layout-column fusion_builder_column fusion-builder-column-0 fusion_builder_column_1_6 1_6 fusion-flex-column\" style=\"--awb-bg-size:cover;--awb-width-large:16.666666666667%;--awb-margin-top-large:0px;--awb-spacing-right-large:11.52%;--awb-margin-bottom-large:20px;--awb-spacing-left-large:11.52%;--awb-width-medium:100%;--awb-order-medium:0;--awb-spacing-right-medium:1.92%;--awb-spacing-left-medium:1.92%;--awb-width-small:100%;--awb-order-small:0;--awb-spacing-right-small:1.92%;--awb-spacing-left-small:1.92%;\"><div class=\"fusion-column-wrapper fusion-column-has-shadow fusion-flex-justify-content-flex-start fusion-content-layout-column\"><\/div><\/div><div class=\"fusion-layout-column fusion_builder_column fusion-builder-column-1 fusion_builder_column_1_2 1_2 fusion-flex-column fusion-animated\" style=\"--awb-padding-top:20px;--awb-padding-right:20px;--awb-padding-bottom:20px;--awb-padding-left:20px;--awb-bg-color:rgba(229,229,229,0.5);--awb-bg-color-hover:rgba(229,229,229,0.5);--awb-bg-size:cover;--awb-width-large:50%;--awb-flex-grow:50%;--awb-margin-top-large:0px;--awb-spacing-right-large:3.84%;--awb-margin-bottom-large:0px;--awb-spacing-left-large:3.84%;--awb-width-medium:75%;--awb-order-medium:0;--awb-spacing-right-medium:2.56%;--awb-spacing-left-medium:2.56%;--awb-width-small:100%;--awb-order-small:0;--awb-spacing-right-small:1.92%;--awb-spacing-left-small:1.92%;\" data-animationType=\"fadeInUp\" data-animationDuration=\"0.8\" data-animationOffset=\"top-into-view\" data-scroll-devices=\"small-visibility,medium-visibility,large-visibility\"><div class=\"fusion-column-wrapper fusion-column-has-shadow fusion-flex-justify-content-flex-start fusion-content-layout-column\"><div class=\"fusion-title title fusion-title-1 fusion-title-text fusion-title-size-one\" style=\"--awb-text-color:var(--awb-color8);--awb-margin-bottom:40px;\"><div class=\"title-sep-container title-sep-container-left fusion-no-large-visibility fusion-no-medium-visibility fusion-no-small-visibility\"><div class=\"title-sep sep- sep-solid\" style=\"border-color:hsla(var(--awb-color3-h),calc( var(--awb-color3-s) + 3% ),var(--awb-color3-l),var(--awb-color3-a));\"><\/div><\/div><span class=\"awb-title-spacer fusion-no-large-visibility fusion-no-medium-visibility fusion-no-small-visibility\"><\/span><h1 class=\"fusion-title-heading title-heading-left fusion-responsive-typography-calculated\" style=\"margin:0;--fontSize:72;line-height:1.2;\">MENTIONS L\u00c9GALES.<\/h1><span class=\"awb-title-spacer\"><\/span><div class=\"title-sep-container title-sep-container-right\"><div class=\"title-sep sep- sep-solid\" style=\"border-color:hsla(var(--awb-color3-h),calc( var(--awb-color3-s) + 3% ),var(--awb-color3-l),var(--awb-color3-a));\"><\/div><\/div><\/div><div class=\"fusion-title title fusion-title-2 fusion-title-text fusion-title-size-six\" style=\"--awb-text-color:var(--awb-color6);\"><div class=\"title-sep-container title-sep-container-left fusion-no-large-visibility fusion-no-medium-visibility fusion-no-small-visibility\"><div class=\"title-sep sep- sep-solid\" style=\"border-color:hsla(var(--awb-color3-h),calc( var(--awb-color3-s) + 3% ),var(--awb-color3-l),var(--awb-color3-a));\"><\/div><\/div><span class=\"awb-title-spacer fusion-no-large-visibility fusion-no-medium-visibility fusion-no-small-visibility\"><\/span><h6 class=\"fusion-title-heading title-heading-left fusion-responsive-typography-calculated\" style=\"font-family:var(--awb-typography4-font-family);font-weight:var(--awb-typography4-font-weight);font-style:var(--awb-typography4-font-style);margin:0;letter-spacing:1px;--fontSize:19;--minFontSize:19;line-height:1.95;\">Le site www.popsoft.fr a \u00e9t\u00e9 con\u00e7u et d\u00e9velopp\u00e9 par la SARL POPSOFT &#8211; 10 bis rue des Granges &#8211; 69005 Lyon, immatricul\u00e9e au Registre de Commerce et des Soci\u00e9t\u00e9s sous le num\u00e9ro Lyon B 531 907 756. Il s&rsquo;agit d&rsquo;un site de pr\u00e9sentation de notre soci\u00e9t\u00e9 \u00e0 destination de nos clients, fournisseurs ou institutionnels.<\/h6><span class=\"awb-title-spacer\"><\/span><div class=\"title-sep-container title-sep-container-right\"><div class=\"title-sep sep- sep-solid\" style=\"border-color:hsla(var(--awb-color3-h),calc( var(--awb-color3-s) + 3% ),var(--awb-color3-l),var(--awb-color3-a));\"><\/div><\/div><\/div><div class=\"fusion-title title fusion-title-3 fusion-title-text fusion-title-size-six\" style=\"--awb-text-color:var(--awb-color6);\"><div class=\"title-sep-container title-sep-container-left fusion-no-large-visibility fusion-no-medium-visibility fusion-no-small-visibility\"><div class=\"title-sep sep- sep-solid\" style=\"border-color:hsla(var(--awb-color3-h),calc( var(--awb-color3-s) + 3% ),var(--awb-color3-l),var(--awb-color3-a));\"><\/div><\/div><span class=\"awb-title-spacer fusion-no-large-visibility fusion-no-medium-visibility fusion-no-small-visibility\"><\/span><h6 class=\"fusion-title-heading title-heading-left fusion-responsive-typography-calculated\" style=\"font-family:var(--awb-typography4-font-family);font-weight:var(--awb-typography4-font-weight);font-style:var(--awb-typography4-font-style);margin:0;letter-spacing:1px;--fontSize:19;--minFontSize:19;line-height:1.95;\">M. MALLEVAL Sylvain est le responsable \u00e9ditorial de ce site.<\/h6><span class=\"awb-title-spacer\"><\/span><div class=\"title-sep-container title-sep-container-right\"><div class=\"title-sep sep- sep-solid\" style=\"border-color:hsla(var(--awb-color3-h),calc( var(--awb-color3-s) + 3% ),var(--awb-color3-l),var(--awb-color3-a));\"><\/div><\/div><\/div><div class=\"fusion-title title fusion-title-4 fusion-title-text fusion-title-size-six\" style=\"--awb-text-color:var(--awb-color6);\"><div class=\"title-sep-container title-sep-container-left fusion-no-large-visibility fusion-no-medium-visibility fusion-no-small-visibility\"><div class=\"title-sep sep- sep-solid\" style=\"border-color:hsla(var(--awb-color3-h),calc( var(--awb-color3-s) + 3% ),var(--awb-color3-l),var(--awb-color3-a));\"><\/div><\/div><span class=\"awb-title-spacer fusion-no-large-visibility fusion-no-medium-visibility fusion-no-small-visibility\"><\/span><h6 class=\"fusion-title-heading title-heading-left fusion-responsive-typography-calculated\" style=\"font-family:var(--awb-typography4-font-family);font-weight:var(--awb-typography4-font-weight);font-style:var(--awb-typography4-font-style);margin:0;letter-spacing:1px;--fontSize:19;--minFontSize:19;line-height:1.95;\">Les logos et informations publi\u00e9s sont la propri\u00e9t\u00e9 de la soci\u00e9t\u00e9 Popsoft : toute reproduction m\u00eame partielle devra faire l&rsquo;objet d&rsquo;une demande pr\u00e9alable aupr\u00e8s de la soci\u00e9t\u00e9. Les photos et illustrations sont issues du site <a href=\"http:\/\/www.pexels.com\">www.pexels.com<\/a> et sont sous licence Creative Commons.<\/h6><span class=\"awb-title-spacer\"><\/span><div class=\"title-sep-container title-sep-container-right\"><div class=\"title-sep sep- sep-solid\" style=\"border-color:hsla(var(--awb-color3-h),calc( var(--awb-color3-s) + 3% ),var(--awb-color3-l),var(--awb-color3-a));\"><\/div><\/div><\/div><div class=\"fusion-title title fusion-title-5 fusion-title-text fusion-title-size-six\" style=\"--awb-text-color:var(--awb-color6);\"><div class=\"title-sep-container title-sep-container-left fusion-no-large-visibility fusion-no-medium-visibility fusion-no-small-visibility\"><div class=\"title-sep sep- sep-solid\" style=\"border-color:hsla(var(--awb-color3-h),calc( var(--awb-color3-s) + 3% ),var(--awb-color3-l),var(--awb-color3-a));\"><\/div><\/div><span class=\"awb-title-spacer fusion-no-large-visibility fusion-no-medium-visibility fusion-no-small-visibility\"><\/span><h6 class=\"fusion-title-heading title-heading-left fusion-responsive-typography-calculated\" style=\"font-family:var(--awb-typography4-font-family);font-weight:var(--awb-typography4-font-weight);font-style:var(--awb-typography4-font-style);margin:0;letter-spacing:1px;--fontSize:19;--minFontSize:19;line-height:1.95;\">Ce site est h\u00e9berg\u00e9 par la soci\u00e9t\u00e9 PopSoft.<\/h6><span class=\"awb-title-spacer\"><\/span><div class=\"title-sep-container title-sep-container-right\"><div class=\"title-sep sep- sep-solid\" style=\"border-color:hsla(var(--awb-color3-h),calc( var(--awb-color3-s) + 3% ),var(--awb-color3-l),var(--awb-color3-a));\"><\/div><\/div><\/div><\/div><\/div><div class=\"fusion-layout-column fusion_builder_column fusion-builder-column-2 fusion_builder_column_1_6 1_6 fusion-flex-column\" style=\"--awb-bg-size:cover;--awb-width-large:16.666666666667%;--awb-margin-top-large:0px;--awb-spacing-right-large:11.52%;--awb-margin-bottom-large:20px;--awb-spacing-left-large:11.52%;--awb-width-medium:100%;--awb-order-medium:0;--awb-spacing-right-medium:1.92%;--awb-spacing-left-medium:1.92%;--awb-width-small:100%;--awb-order-small:0;--awb-spacing-right-small:1.92%;--awb-spacing-left-small:1.92%;\"><div class=\"fusion-column-wrapper fusion-column-has-shadow fusion-flex-justify-content-flex-start fusion-content-layout-column\"><\/div><\/div><div class=\"fusion-layout-column fusion_builder_column fusion-builder-column-3 fusion_builder_column_1_6 1_6 fusion-flex-column\" style=\"--awb-bg-size:cover;--awb-width-large:16.666666666667%;--awb-margin-top-large:0px;--awb-spacing-right-large:11.52%;--awb-margin-bottom-large:20px;--awb-spacing-left-large:11.52%;--awb-width-medium:100%;--awb-order-medium:0;--awb-spacing-right-medium:1.92%;--awb-spacing-left-medium:1.92%;--awb-width-small:100%;--awb-order-small:0;--awb-spacing-right-small:1.92%;--awb-spacing-left-small:1.92%;\"><div class=\"fusion-column-wrapper fusion-column-has-shadow fusion-flex-justify-content-flex-start fusion-content-layout-column\"><\/div><\/div><\/div><\/div>\n","protected":false},"excerpt":{"rendered":"","protected":false},"author":1,"featured_media":0,"parent":0,"menu_order":0,"comment_status":"closed","ping_status":"closed","template":"100-width.php","meta":{"footnotes":""},"class_list":["post-433","page","type-page","status-publish","hentry"],"_links":{"self":[{"href":"https:\/\/popsoft.fr\/index.php\/wp-json\/wp\/v2\/pages\/433","targetHints":{"allow":["GET"]}}],"collection":[{"href":"https:\/\/popsoft.fr\/index.php\/wp-json\/wp\/v2\/pages"}],"about":[{"href":"https:\/\/popsoft.fr\/index.php\/wp-json\/wp\/v2\/types\/page"}],"author":[{"embeddable":true,"href":"https:\/\/popsoft.fr\/index.php\/wp-json\/wp\/v2\/users\/1"}],"replies":[{"embeddable":true,"href":"https:\/\/popsoft.fr\/index.php\/wp-json\/wp\/v2\/comments?post=433"}],"version-history":[{"count":16,"href":"https:\/\/popsoft.fr\/index.php\/wp-json\/wp\/v2\/pages\/433\/revisions"}],"predecessor-version":[{"id":693,"href":"https:\/\/popsoft.fr\/index.php\/wp-json\/wp\/v2\/pages\/433\/revisions\/693"}],"wp:attachment":[{"href":"https:\/\/popsoft.fr\/index.php\/wp-json\/wp\/v2\/media?parent=433"}],"curies":[{"name":"wp","href":"https:\/\/api.w.org\/{rel}","templated":true}]}}